{"id":39,"date":"2020-02-07T21:57:18","date_gmt":"2020-02-07T21:57:18","guid":{"rendered":"http:\/\/www.italianoconulgen.com\/?page_id=39"},"modified":"2020-02-19T14:30:31","modified_gmt":"2020-02-19T14:30:31","slug":"hakkimda","status":"publish","type":"page","link":"http:\/\/www.italianoconulgen.com\/index.php\/hakkimda\/","title":{"rendered":"Hakk\u0131mda"},"content":{"rendered":"\n<div class=\"wp-block-themeisle-blocks-advanced-columns has-1-columns has-desktop-equal-layout has-tablet-equal-layout has-mobile-equal-layout has-default-gap has-vertical-unset\" id=\"wp-block-themeisle-blocks-advanced-columns-8db4650e\" style=\"border-width:0px;border-style:solid;border-color:#000000;border-radius:0px;justify-content:unset\"><div class=\"wp-themeisle-block-overlay\" style=\"opacity:0.5;mix-blend-mode:normal\"><\/div><div class=\"innerblocks-wrap\">\n<div class=\"wp-block-themeisle-blocks-advanced-column\" id=\"wp-block-themeisle-blocks-advanced-column-f52ceb88\" style=\"border-width:0px;border-style:solid;border-color:#000000;border-radius:0px\">\n<div class=\"wp-block-image\"><figure class=\"aligncenter size-large is-resized\"><img decoding=\"async\" loading=\"lazy\" src=\"http:\/\/www.italianoconulgen.com\/wp-content\/uploads\/2020\/02\/IMG_0251-1-1024x768.jpg\" alt=\"\" class=\"wp-image-195\" width=\"479\" height=\"359\" srcset=\"http:\/\/www.italianoconulgen.com\/wp-content\/uploads\/2020\/02\/IMG_0251-1-1024x768.jpg 1024w, http:\/\/www.italianoconulgen.com\/wp-content\/uploads\/2020\/02\/IMG_0251-1-300x225.jpg 300w, http:\/\/www.italianoconulgen.com\/wp-content\/uploads\/2020\/02\/IMG_0251-1-768x576.jpg 768w, http:\/\/www.italianoconulgen.com\/wp-content\/uploads\/2020\/02\/IMG_0251-1-1536x1152.jpg 1536w, http:\/\/www.italianoconulgen.com\/wp-content\/uploads\/2020\/02\/IMG_0251-1-2048x1536.jpg 2048w\" sizes=\"(max-width: 479px) 100vw, 479px\" \/><\/figure><\/div>\n<\/div>\n<\/div><\/div>\n\n\n\n<p>K\u00fc\u00e7\u00fcc\u00fck bir ya\u015fta ailemden ayr\u0131l\u0131p yedi y\u0131l Robert Kolej ailesinin dillere destan kamp\u00fcs\u00fcnde ya\u015fad\u0131m. Bo\u011fazi\u00e7i \u00dcniversitesi\u2019nde \u0130\u015fletme okurken g\u00fczelim Bo\u011faz manzaras\u0131n\u0131 iki ad\u0131m \u00f6teden d\u00f6rt y\u0131l daha izleme f\u0131rsat\u0131 buldum. \u00dcniversite y\u0131llar\u0131nda, iki y\u0131l teknik yazar olarak bir yaz\u0131l\u0131m evinde ve bir y\u0131l asistan olarak bir ihracat firmas\u0131nda yar\u0131 zamanl\u0131 \u00e7al\u0131\u015f\u0131rken iki aile daha edindim. Sosyal ve k\u00fclt\u00fcrel faaliyetlerimi de aksatmad\u0131\u011f\u0131mdan, iki yakam\u0131 bir araya getirebilmek i\u00e7in \u0130stanbul\u2019un iki yakas\u0131nda \u00f6zel ders verdim, \u00e7evirmenlik yapt\u0131m. \u00dcniversiteyi bitirince, merkezi \u0130stanbul\u2019da olan IBM T\u00fcrk ailesinde i\u015fe girdim ve e\u011fitim s\u00fcrecini tamamlay\u0131p Adana\u2019ya, \u00e7ok \u00f6zledi\u011fim ailemin yan\u0131na d\u00f6nd\u00fcm. IBM\u2019de \u00fc\u00e7 y\u0131l Sistem Uzman\u0131 ve iki y\u0131l M\u00fc\u015fteri Temsilcisi olarak \u00e7al\u0131\u015ft\u0131ktan sonra bir d\u00f6n\u00fc\u015f daha yapt\u0131m ve yeniden \u00f6zel ders vermeye, \u00e7evirmenlik yapmaya ba\u015flad\u0131m. \u00c7ocukluk hayalim olan \u00f6\u011fretmenlik bana \u00e7ok iyi geldi; say\u0131s\u0131z dost edindim, bir s\u00fcr\u00fc \u00e7ocu\u011fum ve hatta torunlar\u0131m oldu. Torun \u00e7ocu\u011fu g\u00f6rene kadar bu i\u015fi b\u0131rakmay\u0131 d\u00fc\u015f\u00fcnm\u00fcyorum.<\/p>\n","protected":false},"excerpt":{"rendered":"<p>K\u00fc\u00e7\u00fcc\u00fck bir ya\u015fta ailemden ayr\u0131l\u0131p yedi y\u0131l Robert Kolej ailesinin dillere destan kamp\u00fcs\u00fcnde ya\u015fad\u0131m. Bo\u011fazi\u00e7i \u00dcniversitesi\u2019nde \u0130\u015fletme okurken g\u00fczelim Bo\u011faz manzaras\u0131n\u0131 iki ad\u0131m \u00f6teden d\u00f6rt y\u0131l daha izleme f\u0131rsat\u0131 buldum. \u00dcniversite y\u0131llar\u0131nda, iki y\u0131l teknik yazar olarak bir yaz\u0131l\u0131m evinde ve bir y\u0131l asistan olarak bir ihracat firmas\u0131nda yar\u0131 zamanl\u0131 \u00e7al\u0131\u015f\u0131rken iki aile daha edindim. &hellip; <a href=\"http:\/\/www.italianoconulgen.com\/index.php\/hakkimda\/\" class=\"more-link\">Okumaya devam et <span class=\"screen-reader-text\">Hakk\u0131mda<\/span><\/a><\/p>\n","protected":false},"author":2,"featured_media":0,"parent":0,"menu_order":1,"comment_status":"closed","ping_status":"closed","template":"","meta":[],"_links":{"self":[{"href":"http:\/\/www.italianoconulgen.com\/index.php\/wp-json\/wp\/v2\/pages\/39"}],"collection":[{"href":"http:\/\/www.italianoconulgen.com\/index.php\/wp-json\/wp\/v2\/pages"}],"about":[{"href":"http:\/\/www.italianoconulgen.com\/index.php\/wp-json\/wp\/v2\/types\/page"}],"author":[{"embeddable":true,"href":"http:\/\/www.italianoconulgen.com\/index.php\/wp-json\/wp\/v2\/users\/2"}],"replies":[{"embeddable":true,"href":"http:\/\/www.italianoconulgen.com\/index.php\/wp-json\/wp\/v2\/comments?post=39"}],"version-history":[{"count":14,"href":"http:\/\/www.italianoconulgen.com\/index.php\/wp-json\/wp\/v2\/pages\/39\/revisions"}],"predecessor-version":[{"id":1163,"href":"http:\/\/www.italianoconulgen.com\/index.php\/wp-json\/wp\/v2\/pages\/39\/revisions\/1163"}],"wp:attachment":[{"href":"http:\/\/www.italianoconulgen.com\/index.php\/wp-json\/wp\/v2\/media?parent=39"}],"curies":[{"name":"wp","href":"https:\/\/api.w.org\/{rel}","templated":true}]}}